{"id":9,"date":"2026-03-04T07:57:55","date_gmt":"2026-03-04T07:57:55","guid":{"rendered":"https:\/\/priceless-kirch.89-188-72-178.plesk.page\/?page_id=9"},"modified":"2026-03-06T13:59:25","modified_gmt":"2026-03-06T13:59:25","slug":"forside","status":"publish","type":"page","link":"https:\/\/priceless-kirch.89-188-72-178.plesk.page\/","title":{"rendered":"Forside"},"content":{"rendered":"\t\t<div data-elementor-type=\"wp-page\" data-elementor-id=\"9\" class=\"elementor elementor-9\" data-elementor-post-type=\"page\">\n\t\t\t\t<section class=\"elementor-element elementor-element-4d1e3ae e-con-full container-vid e-flex e-con e-parent\" data-id=\"4d1e3ae\" data-element_type=\"container\" data-e-type=\"container\">\n\t\t\t\t<div class=\"elementor-element elementor-element-3674052 elementor-widget elementor-widget-video\" data-id=\"3674052\" data-element_type=\"widget\" data-e-type=\"widget\" data-settings=\"{&quot;video_type&quot;:&quot;hosted&quot;,&quot;autoplay&quot;:&quot;yes&quot;,&quot;play_on_mobile&quot;:&quot;yes&quot;,&quot;mute&quot;:&quot;yes&quot;,&quot;loop&quot;:&quot;yes&quot;}\" data-widget_type=\"video.default\">\n\t\t\t\t\t\t\t<div class=\"e-hosted-video elementor-wrapper elementor-open-inline\">\n\t\t\t\t\t<video class=\"elementor-video\" src=\"https:\/\/priceless-kirch.89-188-72-178.plesk.page\/wp-content\/uploads\/2026\/03\/Firefly-Make-the-wind-turbines-move-and-the-traffic-move-and-the-person-smile-595686.mp4\" autoplay=\"\" loop=\"\" muted=\"muted\" playsinline=\"\" controlsList=\"nodownload\"><\/video>\n\t\t\t\t<\/div>\n\t\t\t\t\t\t<\/div>\n\t\t<section class=\"elementor-element elementor-element-42ba7c1 e-con-full e-flex e-con e-child\" data-id=\"42ba7c1\" data-element_type=\"container\" data-e-type=\"container\" data-settings=\"{&quot;background_background&quot;:&quot;classic&quot;,&quot;position&quot;:&quot;absolute&quot;}\">\n\t\t<header class=\"elementor-element elementor-element-5cab36f e-con-full e-flex e-con e-child\" data-id=\"5cab36f\" data-element_type=\"container\" data-e-type=\"container\" data-settings=\"{&quot;background_background&quot;:&quot;classic&quot;}\">\n\t\t\t\t<div class=\"elementor-element elementor-element-39e54c7 elementor-widget elementor-widget-heading\" data-id=\"39e54c7\" data-element_type=\"widget\" data-e-type=\"widget\" data-widget_type=\"heading.default\">\n\t\t\t\t\t<h2 class=\"elementor-heading-title elementor-size-default\">Jeg br\u00e6nder for et<br \/> st\u00e6rkere \u00d8stjylland<\/h2>\t\t\t\t<\/div>\n\t\t\t\t<\/header>\n\t\t\t\t<\/section>\n\t\t\t\t<\/section>\n\t\t<main class=\"elementor-element elementor-element-661573c e-flex e-con-boxed e-con e-parent\" data-id=\"661573c\" data-element_type=\"container\" data-e-type=\"container\">\n\t\t\t\t\t<div class=\"e-con-inner\">\n\t\t<article class=\"elementor-element elementor-element-ac34743 e-con-full e-flex e-con e-child\" data-id=\"ac34743\" data-element_type=\"container\" data-e-type=\"container\">\n\t\t\t\t<div class=\"elementor-element elementor-element-d7abd97 elementor-widget elementor-widget-image\" data-id=\"d7abd97\" data-element_type=\"widget\" data-e-type=\"widget\" data-widget_type=\"image.default\">\n\t\t\t\t\t\t\t\t\t\t\t\t\t\t\t<img fetchpriority=\"high\" decoding=\"async\" width=\"600\" height=\"600\" src=\"https:\/\/priceless-kirch.89-188-72-178.plesk.page\/wp-content\/uploads\/2026\/03\/peter-have-fv26-600x600-1-2.jpg\" class=\"attachment-large size-large wp-image-31\" alt=\"Peter Have Profil\" srcset=\"https:\/\/priceless-kirch.89-188-72-178.plesk.page\/wp-content\/uploads\/2026\/03\/peter-have-fv26-600x600-1-2.jpg 600w, https:\/\/priceless-kirch.89-188-72-178.plesk.page\/wp-content\/uploads\/2026\/03\/peter-have-fv26-600x600-1-2-300x300.jpg 300w, https:\/\/priceless-kirch.89-188-72-178.plesk.page\/wp-content\/uploads\/2026\/03\/peter-have-fv26-600x600-1-2-150x150.jpg 150w\" sizes=\"(max-width: 600px) 100vw, 600px\" \/>\t\t\t\t\t\t\t\t\t\t\t\t\t\t\t<\/div>\n\t\t\t\t<div class=\"elementor-element elementor-element-d9f6e59 elementor-widget elementor-widget-text-editor\" data-id=\"d9f6e59\" data-element_type=\"widget\" data-e-type=\"widget\" data-widget_type=\"text-editor.default\">\n\t\t\t\t\t\t\t\t\t<p><strong>Kontakt<br \/><\/strong><a href=\"tel:+4533375500\">+45 333 755 00<\/a><br \/><span style=\"text-decoration: underline;\"><a href=\"mailto:peter.have@ft.dk\">peter.have@ft.dk<\/a><\/span><\/p><p><strong>Ordf\u00f8rerskaber:<\/strong><br \/>Forsvar, transport og beredskab<\/p>\t\t\t\t\t\t\t\t<\/div>\n\t\t\t\t<\/article>\n\t\t<div class=\"elementor-element elementor-element-fb06f32 e-con-full e-flex e-con e-child\" data-id=\"fb06f32\" data-element_type=\"container\" data-e-type=\"container\">\n\t\t\t\t<div class=\"elementor-element elementor-element-1c79ca8 elementor-widget elementor-widget-heading\" data-id=\"1c79ca8\" data-element_type=\"widget\" data-e-type=\"widget\" data-widget_type=\"heading.default\">\n\t\t\t\t\t<h2 class=\"elementor-heading-title elementor-size-default\">St\u00f8t \u00d8stjyllands stemme p\u00e5 Christiansborg<\/h2>\t\t\t\t<\/div>\n\t\t\t\t<div class=\"elementor-element elementor-element-7f7b99e elementor-widget elementor-widget-text-editor\" data-id=\"7f7b99e\" data-element_type=\"widget\" data-e-type=\"widget\" data-widget_type=\"text-editor.default\">\n\t\t\t\t\t\t\t\t\t<p>Jeg bor og arbejder i \u00d8stjylland og kender hverdagen \u2013 b\u00e5de som erhvervsdrivende og som privatperson. Jeg ved, hvor afg\u00f8rende det er, at infrastrukturen fungerer, at virksomhederne har stabile rammevilk\u00e5r, og at der skabes lokale arbejdspladser.<\/p><p>N\u00e5r det er nemt at drive og udvikle virksomhed, styrker vi hele omr\u00e5det \u2013 og sikrer samtidig en tryg og attraktiv hverdag for familierne.<\/p><p>Jeg tror p\u00e5 dialog frem for skyttegrave og p\u00e5 l\u00f8sninger, der virker i virkeligheden. Derfor stiller jeg op: fordi \u00d8stjylland fortjener en stemme, der forst\u00e5r b\u00e5de erhvervslivet og hverdagen uden for Christiansborg.<\/p><p>Peter Have, \u00d8stjylland<\/p>\t\t\t\t\t\t\t\t<\/div>\n\t\t\t\t<div class=\"elementor-element elementor-element-ae026c5 elementor-widget elementor-widget-button\" data-id=\"ae026c5\" data-element_type=\"widget\" data-e-type=\"widget\" data-widget_type=\"button.default\">\n\t\t\t\t\t\t\t\t\t\t<a class=\"elementor-button elementor-button-link elementor-size-sm\" href=\"https:\/\/priceless-kirch.89-188-72-178.plesk.page\/index.php\/borger-i-oestjylland\/\">\n\t\t\t\t\t\t<span class=\"elementor-button-content-wrapper\">\n\t\t\t\t\t\t\t\t\t<span class=\"elementor-button-text\">L\u00e6s mere<\/span>\n\t\t\t\t\t<\/span>\n\t\t\t\t\t<\/a>\n\t\t\t\t\t\t\t\t<\/div>\n\t\t\t\t<\/div>\n\t\t\t\t\t<\/div>\n\t\t\t\t<\/main>\n\t\t<section class=\"elementor-element elementor-element-9daafdc e-con-full e-flex e-con e-parent\" data-id=\"9daafdc\" data-element_type=\"container\" data-e-type=\"container\">\n\t\t<div class=\"elementor-element elementor-element-cbb2853 e-con-full e-flex e-con e-child\" data-id=\"cbb2853\" data-element_type=\"container\" data-e-type=\"container\" data-settings=\"{&quot;background_background&quot;:&quot;classic&quot;}\">\n\t\t\t\t<\/div>\n\t\t<article class=\"elementor-element elementor-element-c3fbedc e-con-full e-flex e-con e-child\" data-id=\"c3fbedc\" data-element_type=\"container\" data-e-type=\"container\" data-settings=\"{&quot;background_background&quot;:&quot;classic&quot;}\">\n\t\t\t\t<div class=\"elementor-element elementor-element-98bcccd elementor-widget elementor-widget-heading\" data-id=\"98bcccd\" data-element_type=\"widget\" data-e-type=\"widget\" data-widget_type=\"heading.default\">\n\t\t\t\t\t<h2 class=\"elementor-heading-title elementor-size-default\">Jeg br\u00e6nder for \u00d8stjylland<\/h2>\t\t\t\t<\/div>\n\t\t\t\t<div class=\"elementor-element elementor-element-c71116c elementor-widget elementor-widget-text-editor\" data-id=\"c71116c\" data-element_type=\"widget\" data-e-type=\"widget\" data-widget_type=\"text-editor.default\">\n\t\t\t\t\t\t\t\t\t<p>Jeg bor og arbejder i \u00d8stjylland, og kender hverdagen her &#8211; ikke fra papirer, men fra virkeligheden. B\u00e5de som erhvervsdrivende og som helt almindelig borger. Jeg ved, hvad det betyder, n\u00e5r infrastrukturen halter, n\u00e5r reglerne fylder for meget, eller n\u00e5r det bliver un\u00f8digt besv\u00e6rligt at skabe og fastholde arbejdspladser lokalt.<\/p><p>For mig handler politik om sund fornuft. Det skal v\u00e6re til at drive og udvikle virksomhed i \u00d8stjylland. Rammevilk\u00e5rene skal v\u00e6re stabile, og bureaukratiet m\u00e5 ikke st\u00e5 i vejen for dem, der tager ansvar.<\/p>\t\t\t\t\t\t\t\t<\/div>\n\t\t\t\t<\/article>\n\t\t\t\t<\/section>\n\t\t<article class=\"elementor-element elementor-element-0f7f8d3 e-flex e-con-boxed e-con e-parent\" data-id=\"0f7f8d3\" data-element_type=\"container\" data-e-type=\"container\">\n\t\t\t\t\t<div class=\"e-con-inner\">\n\t\t\t\t<div class=\"elementor-element elementor-element-503e4f3 elementor-widget elementor-widget-heading\" data-id=\"503e4f3\" data-element_type=\"widget\" data-e-type=\"widget\" data-widget_type=\"heading.default\">\n\t\t\t\t\t<h2 class=\"elementor-heading-title elementor-size-default\">\u201cVi skal ud af ekkokamrene og tale sammen \u2013 det er s\u00e5dan, vi skaber l\u00f8sninger, der virker i virkeligheden.\u201d<\/h2>\t\t\t\t<\/div>\n\t\t\t\t<div class=\"elementor-element elementor-element-85d62eb elementor-widget elementor-widget-text-editor\" data-id=\"85d62eb\" data-element_type=\"widget\" data-e-type=\"widget\" data-widget_type=\"text-editor.default\">\n\t\t\t\t\t\t\t\t\t<p>Peter Have<\/p>\t\t\t\t\t\t\t\t<\/div>\n\t\t<section class=\"elementor-element elementor-element-8964f6b e-con-full e-flex e-con e-child\" data-id=\"8964f6b\" data-element_type=\"container\" data-e-type=\"container\">\n\t\t\t\t<div class=\"elementor-element elementor-element-e178749 elementor-widget elementor-widget-video\" data-id=\"e178749\" data-element_type=\"widget\" data-e-type=\"widget\" data-settings=\"{&quot;video_type&quot;:&quot;vimeo&quot;}\" data-widget_type=\"video.default\">\n\t\t\t\t\t\t\t<div class=\"elementor-wrapper elementor-open-inline\">\n\t\t\t<iframe class=\"elementor-video-iframe\" allowfullscreen allow=\"clipboard-write\" title=\"vimeo videoafspiller\" src=\"https:\/\/player.vimeo.com\/video\/1171032841?color&amp;autopause=0&amp;loop=0&amp;muted=0&amp;title=1&amp;portrait=1&amp;byline=1#t=\"><\/iframe>\t\t<\/div>\n\t\t\t\t\t\t<\/div>\n\t\t\t\t<div class=\"elementor-element elementor-element-3b1ec9d elementor-widget elementor-widget-video\" data-id=\"3b1ec9d\" data-element_type=\"widget\" data-e-type=\"widget\" data-settings=\"{&quot;video_type&quot;:&quot;vimeo&quot;}\" data-widget_type=\"video.default\">\n\t\t\t\t\t\t\t<div class=\"elementor-wrapper elementor-open-inline\">\n\t\t\t<iframe class=\"elementor-video-iframe\" allowfullscreen allow=\"clipboard-write\" title=\"vimeo videoafspiller\" src=\"https:\/\/player.vimeo.com\/video\/1171032895?color&amp;autopause=0&amp;loop=0&amp;muted=0&amp;title=1&amp;portrait=1&amp;byline=1#t=\"><\/iframe>\t\t<\/div>\n\t\t\t\t\t\t<\/div>\n\t\t\t\t<div class=\"elementor-element elementor-element-d10ce5b elementor-widget elementor-widget-video\" data-id=\"d10ce5b\" data-element_type=\"widget\" data-e-type=\"widget\" data-settings=\"{&quot;video_type&quot;:&quot;vimeo&quot;}\" data-widget_type=\"video.default\">\n\t\t\t\t\t\t\t<div class=\"elementor-wrapper elementor-open-inline\">\n\t\t\t<iframe class=\"elementor-video-iframe\" allowfullscreen allow=\"clipboard-write\" title=\"vimeo videoafspiller\" src=\"https:\/\/player.vimeo.com\/video\/1171032983?color&amp;autopause=0&amp;loop=0&amp;muted=0&amp;title=1&amp;portrait=1&amp;byline=1#t=\"><\/iframe>\t\t<\/div>\n\t\t\t\t\t\t<\/div>\n\t\t\t\t<div class=\"elementor-element elementor-element-00c5483 elementor-widget elementor-widget-video\" data-id=\"00c5483\" data-element_type=\"widget\" data-e-type=\"widget\" data-settings=\"{&quot;video_type&quot;:&quot;vimeo&quot;}\" data-widget_type=\"video.default\">\n\t\t\t\t\t\t\t<div class=\"elementor-wrapper elementor-open-inline\">\n\t\t\t<iframe class=\"elementor-video-iframe\" allowfullscreen allow=\"clipboard-write\" title=\"vimeo videoafspiller\" src=\"https:\/\/player.vimeo.com\/video\/1171033015?color&amp;autopause=0&amp;loop=0&amp;muted=0&amp;title=1&amp;portrait=1&amp;byline=1#t=\"><\/iframe>\t\t<\/div>\n\t\t\t\t\t\t<\/div>\n\t\t\t\t<\/section>\n\t\t\t\t\t<\/div>\n\t\t\t\t<\/article>\n\t\t<section class=\"elementor-element elementor-element-ba43b2f e-flex e-con-boxed e-con e-parent\" data-id=\"ba43b2f\" data-element_type=\"container\" data-e-type=\"container\" data-settings=\"{&quot;background_background&quot;:&quot;classic&quot;}\">\n\t\t\t\t\t<div class=\"e-con-inner\">\n\t\t\t\t<div class=\"elementor-element elementor-element-d5186b9 elementor-widget elementor-widget-heading\" data-id=\"d5186b9\" data-element_type=\"widget\" data-e-type=\"widget\" data-widget_type=\"heading.default\">\n\t\t\t\t\t<h2 class=\"elementor-heading-title elementor-size-default\">Mine m\u00e6rkesager<\/h2>\t\t\t\t<\/div>\n\t\t<section class=\"elementor-element elementor-element-7a823e2 e-con-full e-flex e-con e-child\" data-id=\"7a823e2\" data-element_type=\"container\" data-e-type=\"container\">\n\t\t<article class=\"elementor-element elementor-element-bbef4a9 e-con-full e-flex e-con e-child\" data-id=\"bbef4a9\" data-element_type=\"container\" data-e-type=\"container\">\n\t\t\t\t<div class=\"elementor-element elementor-element-c5ca6b5 elementor-widget elementor-widget-heading\" data-id=\"c5ca6b5\" data-element_type=\"widget\" data-e-type=\"widget\" data-widget_type=\"heading.default\">\n\t\t\t\t\t<h3 class=\"elementor-heading-title elementor-size-default\">Transport<\/h3>\t\t\t\t<\/div>\n\t\t\t\t<div class=\"elementor-element elementor-element-0d11055 elementor-widget elementor-widget-text-editor\" data-id=\"0d11055\" data-element_type=\"widget\" data-e-type=\"widget\" data-widget_type=\"text-editor.default\">\n\t\t\t\t\t\t\t\t\t<p>Vi skal sikre lige muligheder for alle borgere \u2013 uanset hvor de bor \u2013 n\u00e5r det g\u00e6lder transport og mobilitet. Det vil ikke alene l\u00f8fte livskvaliteten og styrke den sociale sammenh\u00e6ngskraft, men ogs\u00e5 fremme \u00f8konomisk v\u00e6kst i hele landet. Mobilitet skal v\u00e6re for alle.<\/p>\t\t\t\t\t\t\t\t<\/div>\n\t\t\t\t<\/article>\n\t\t<article class=\"elementor-element elementor-element-723c3b1 e-con-full e-flex e-con e-child\" data-id=\"723c3b1\" data-element_type=\"container\" data-e-type=\"container\">\n\t\t\t\t<div class=\"elementor-element elementor-element-7dc735a elementor-widget elementor-widget-heading\" data-id=\"7dc735a\" data-element_type=\"widget\" data-e-type=\"widget\" data-widget_type=\"heading.default\">\n\t\t\t\t\t<h3 class=\"elementor-heading-title elementor-size-default\">Forsvar<\/h3>\t\t\t\t<\/div>\n\t\t\t\t<div class=\"elementor-element elementor-element-12fa2fe elementor-widget elementor-widget-text-editor\" data-id=\"12fa2fe\" data-element_type=\"widget\" data-e-type=\"widget\" data-widget_type=\"text-editor.default\">\n\t\t\t\t\t\t\t\t\t<p>Vi skal skabe de bedste rammer for at fastholde og motivere vores dygtige folk i forsvaret. Ved at give soldaterne mulighed for at udvikle sig b\u00e5de inden for og uden for uniformen, kan vi forme en attraktiv og fremtidssikret arbejdsplads. Investeringer i materiel er intet v\u00e6rd uden et st\u00e6rkt og dedikeret mandskab.<\/p>\t\t\t\t\t\t\t\t<\/div>\n\t\t\t\t<\/article>\n\t\t<article class=\"elementor-element elementor-element-3efb645 e-con-full e-flex e-con e-child\" data-id=\"3efb645\" data-element_type=\"container\" data-e-type=\"container\">\n\t\t\t\t<div class=\"elementor-element elementor-element-8ce088d elementor-widget elementor-widget-heading\" data-id=\"8ce088d\" data-element_type=\"widget\" data-e-type=\"widget\" data-widget_type=\"heading.default\">\n\t\t\t\t\t<h3 class=\"elementor-heading-title elementor-size-default\">\u00d8stjylland<\/h3>\t\t\t\t<\/div>\n\t\t\t\t<div class=\"elementor-element elementor-element-b000bf4 elementor-widget elementor-widget-text-editor\" data-id=\"b000bf4\" data-element_type=\"widget\" data-e-type=\"widget\" data-widget_type=\"text-editor.default\">\n\t\t\t\t\t\t\t\t\t<p>Jeg bor og arbejder i \u00d8stjylland og kender hverdagen \u2013 b\u00e5de som erhvervsdrivende og som privatperson. Jeg ved, hvor afg\u00f8rende det er, at infrastrukturen fungerer, at virksomhederne har stabile rammevilk\u00e5r, og at der skabes lokale arbejdspladser.<\/p>\t\t\t\t\t\t\t\t<\/div>\n\t\t\t\t<\/article>\n\t\t\t\t<\/section>\n\t\t\t\t\t<\/div>\n\t\t\t\t<\/section>\n\t\t<section class=\"elementor-element elementor-element-7d93e4d e-con-full e-flex e-con e-parent\" data-id=\"7d93e4d\" data-element_type=\"container\" data-e-type=\"container\">\n\t\t<article class=\"elementor-element elementor-element-3a309e8 e-con-full e-flex e-con e-child\" data-id=\"3a309e8\" data-element_type=\"container\" data-e-type=\"container\" data-settings=\"{&quot;background_background&quot;:&quot;classic&quot;}\">\n\t\t\t\t<div class=\"elementor-element elementor-element-9aa7164 elementor-widget elementor-widget-heading\" data-id=\"9aa7164\" data-element_type=\"widget\" data-e-type=\"widget\" data-widget_type=\"heading.default\">\n\t\t\t\t\t<h2 class=\"elementor-heading-title elementor-size-default\">Hvorfor Moderaterne?<\/h2>\t\t\t\t<\/div>\n\t\t\t\t<div class=\"elementor-element elementor-element-f8c8ea3 elementor-widget elementor-widget-text-editor\" data-id=\"f8c8ea3\" data-element_type=\"widget\" data-e-type=\"widget\" data-widget_type=\"text-editor.default\">\n\t\t\t\t\t\t\t\t\t<p>Min drivkraft er ambitionen om at bryde ud af de sm\u00e5 ekkokamre og fredsommeligt krydse klinger med dem, der har et andet synspunkt end mig selv. Jeg tror p\u00e5 dialog \u2013 mellem den offentligt ansatte sygeplejerske og den private erhvervsdrivende \u2013 for netop den samtale kan skabe forst\u00e5else og styrke de f\u00e6lles interesser, som begge parter deler.<\/p><p>Det handler om at skabe gode rammevilk\u00e5r for alle \u2013 til gavn for hele samfundet.<\/p>\t\t\t\t\t\t\t\t<\/div>\n\t\t\t\t<\/article>\n\t\t<div class=\"elementor-element elementor-element-eaa367d e-con-full e-flex e-con e-child\" data-id=\"eaa367d\" data-element_type=\"container\" data-e-type=\"container\" data-settings=\"{&quot;background_background&quot;:&quot;classic&quot;}\">\n\t\t\t\t<\/div>\n\t\t\t\t<\/section>\n\t\t<section class=\"elementor-element elementor-element-b4c24a6 e-flex e-con-boxed e-con e-parent\" data-id=\"b4c24a6\" data-element_type=\"container\" data-e-type=\"container\" data-settings=\"{&quot;background_background&quot;:&quot;classic&quot;}\">\n\t\t\t\t\t<div class=\"e-con-inner\">\n\t\t\t\t<div class=\"elementor-element elementor-element-77f04fc elementor-widget elementor-widget-heading\" data-id=\"77f04fc\" data-element_type=\"widget\" data-e-type=\"widget\" data-widget_type=\"heading.default\">\n\t\t\t\t\t<h2 class=\"elementor-heading-title elementor-size-default\">Mine m\u00e6rkesager<\/h2>\t\t\t\t<\/div>\n\t\t<section class=\"elementor-element elementor-element-c12e420 e-con-full e-flex e-con e-child\" data-id=\"c12e420\" data-element_type=\"container\" data-e-type=\"container\">\n\t\t<article class=\"elementor-element elementor-element-7e359c9 e-con-full e-flex e-con e-child\" data-id=\"7e359c9\" data-element_type=\"container\" data-e-type=\"container\">\n\t\t\t\t<div class=\"elementor-element elementor-element-fa65239 elementor-widget elementor-widget-heading\" data-id=\"fa65239\" data-element_type=\"widget\" data-e-type=\"widget\" data-widget_type=\"heading.default\">\n\t\t\t\t\t<h3 class=\"elementor-heading-title elementor-size-default\">Erhvervspolitik<\/h3>\t\t\t\t<\/div>\n\t\t\t\t<div class=\"elementor-element elementor-element-9a058fc elementor-widget elementor-widget-text-editor\" data-id=\"9a058fc\" data-element_type=\"widget\" data-e-type=\"widget\" data-widget_type=\"text-editor.default\">\n\t\t\t\t\t\t\t\t\t<p>De rette rammevilk\u00e5r for erhvervslivet er afg\u00f8rende, for det er vores private virksomheder, der b\u00e6rer velf\u00e6rdssamfundet. Derfor skal vi sikre, at virksomhederne kan tjene penge, s\u00e5 de kan investere i fremtiden og opkvalificere deres medarbejdere.<\/p>\t\t\t\t\t\t\t\t<\/div>\n\t\t\t\t<\/article>\n\t\t<article class=\"elementor-element elementor-element-b2ee796 e-con-full e-flex e-con e-child\" data-id=\"b2ee796\" data-element_type=\"container\" data-e-type=\"container\">\n\t\t\t\t<div class=\"elementor-element elementor-element-fcd1b73 elementor-widget elementor-widget-heading\" data-id=\"fcd1b73\" data-element_type=\"widget\" data-e-type=\"widget\" data-widget_type=\"heading.default\">\n\t\t\t\t\t<h3 class=\"elementor-heading-title elementor-size-default\">Fri tandpleje<\/h3>\t\t\t\t<\/div>\n\t\t\t\t<div class=\"elementor-element elementor-element-062d3a7 elementor-widget elementor-widget-text-editor\" data-id=\"062d3a7\" data-element_type=\"widget\" data-e-type=\"widget\" data-widget_type=\"text-editor.default\">\n\t\t\t\t\t\t\t\t\t<p>Tandpleje er lige s\u00e5 meget en del af vores sundhed som alt andet. D\u00e5rlig tandhygiejne kan f\u00f8re til alvorlige f\u00f8lgesygdomme, og derfor mener jeg, at vi p\u00e5 sigt b\u00f8r arbejde hen imod fri tandpleje for alle. God mundsundhed er afg\u00f8rende for det generelle helbred og b\u00f8r tages mere alvorligt.<\/p>\t\t\t\t\t\t\t\t<\/div>\n\t\t\t\t<\/article>\n\t\t<article class=\"elementor-element elementor-element-43b9ffb e-con-full e-flex e-con e-child\" data-id=\"43b9ffb\" data-element_type=\"container\" data-e-type=\"container\">\n\t\t\t\t<div class=\"elementor-element elementor-element-a0e8ca4 elementor-widget elementor-widget-heading\" data-id=\"a0e8ca4\" data-element_type=\"widget\" data-e-type=\"widget\" data-widget_type=\"heading.default\">\n\t\t\t\t\t<h3 class=\"elementor-heading-title elementor-size-default\">Klima<\/h3>\t\t\t\t<\/div>\n\t\t\t\t<div class=\"elementor-element elementor-element-dced8d0 elementor-widget elementor-widget-text-editor\" data-id=\"dced8d0\" data-element_type=\"widget\" data-e-type=\"widget\" data-widget_type=\"text-editor.default\">\n\t\t\t\t\t\t\t\t\t<p>Den gr\u00f8nne fremtid er vejen frem \u2013 b\u00e5de for klimaet og for erhvervslivet. Vi skal sikre, at den gr\u00f8nne omstilling er b\u00e5de realistisk og \u00f8konomisk b\u00e6redygtig, s\u00e5 vi ogs\u00e5 kan drive innovation frem. Gr\u00f8n energi skal have f\u00f8rsteprioritet, og vi skal g\u00f8re det attraktivt for danskerne af v\u00e6lge de gr\u00f8nne l\u00f8sninger.<\/p>\t\t\t\t\t\t\t\t<\/div>\n\t\t\t\t<\/article>\n\t\t\t\t<\/section>\n\t\t\t\t\t<\/div>\n\t\t\t\t<\/section>\n\t\t<section class=\"elementor-element elementor-element-bb0e34c e-con-full e-flex e-con e-parent\" data-id=\"bb0e34c\" data-element_type=\"container\" data-e-type=\"container\" data-settings=\"{&quot;background_background&quot;:&quot;classic&quot;}\">\n\t\t\t\t<\/section>\n\t\t\t\t<\/div>\n\t\t","protected":false},"excerpt":{"rendered":"<p>https:\/\/priceless-kirch.89-188-72-178.plesk.page\/wp-content\/uploads\/2026\/03\/Firefly-Make-the-wind-turbines-move-and-the-traffic-move-and-the-person-smile-595686.mp4 Jeg br\u00e6nder for et st\u00e6rkere \u00d8stjylland Kontakt+45 333 755 00peter.have@ft.dk Ordf\u00f8rerskaber:Forsvar, transport og beredskab St\u00f8t \u00d8stjyllands stemme p\u00e5 Christiansborg Jeg bor og arbejder i \u00d8stjylland og kender hverdagen \u2013 b\u00e5de som erhvervsdrivende og som privatperson. Jeg ved, hvor afg\u00f8rende det er, at infrastrukturen fungerer, at virksomhederne har stabile rammevilk\u00e5r, og at der skabes lokale [&hellip;]<\/p>\n","protected":false},"author":1,"featured_media":0,"parent":0,"menu_order":0,"comment_status":"closed","ping_status":"closed","template":"","meta":{"footnotes":""},"class_list":["post-9","page","type-page","status-publish","hentry"],"_links":{"self":[{"href":"https:\/\/priceless-kirch.89-188-72-178.plesk.page\/index.php\/wp-json\/wp\/v2\/pages\/9","targetHints":{"allow":["GET"]}}],"collection":[{"href":"https:\/\/priceless-kirch.89-188-72-178.plesk.page\/index.php\/wp-json\/wp\/v2\/pages"}],"about":[{"href":"https:\/\/priceless-kirch.89-188-72-178.plesk.page\/index.php\/wp-json\/wp\/v2\/types\/page"}],"author":[{"embeddable":true,"href":"https:\/\/priceless-kirch.89-188-72-178.plesk.page\/index.php\/wp-json\/wp\/v2\/users\/1"}],"replies":[{"embeddable":true,"href":"https:\/\/priceless-kirch.89-188-72-178.plesk.page\/index.php\/wp-json\/wp\/v2\/comments?post=9"}],"version-history":[{"count":79,"href":"https:\/\/priceless-kirch.89-188-72-178.plesk.page\/index.php\/wp-json\/wp\/v2\/pages\/9\/revisions"}],"predecessor-version":[{"id":226,"href":"https:\/\/priceless-kirch.89-188-72-178.plesk.page\/index.php\/wp-json\/wp\/v2\/pages\/9\/revisions\/226"}],"wp:attachment":[{"href":"https:\/\/priceless-kirch.89-188-72-178.plesk.page\/index.php\/wp-json\/wp\/v2\/media?parent=9"}],"curies":[{"name":"wp","href":"https:\/\/api.w.org\/{rel}","templated":true}]}}