{"id":182,"date":"2026-03-05T11:56:07","date_gmt":"2026-03-05T11:56:07","guid":{"rendered":"https:\/\/priceless-kirch.89-188-72-178.plesk.page\/?page_id=182"},"modified":"2026-03-05T13:31:54","modified_gmt":"2026-03-05T13:31:54","slug":"doner","status":"publish","type":"page","link":"https:\/\/priceless-kirch.89-188-72-178.plesk.page\/index.php\/doner\/","title":{"rendered":"Doner"},"content":{"rendered":"\t\t<div data-elementor-type=\"wp-page\" data-elementor-id=\"182\" class=\"elementor elementor-182\" data-elementor-post-type=\"page\">\n\t\t\t\t<section class=\"elementor-element elementor-element-99c872c e-con-full e-flex e-con e-parent\" data-id=\"99c872c\" data-element_type=\"container\" data-e-type=\"container\" data-settings=\"{&quot;background_background&quot;:&quot;classic&quot;}\">\n\t\t\t\t<\/section>\n\t\t<main class=\"elementor-element elementor-element-d64a94a e-flex e-con-boxed e-con e-parent\" data-id=\"d64a94a\" data-element_type=\"container\" data-e-type=\"container\">\n\t\t\t\t\t<div class=\"e-con-inner\">\n\t\t<article class=\"elementor-element elementor-element-8523173 e-con-full e-flex e-con e-child\" data-id=\"8523173\" data-element_type=\"container\" data-e-type=\"container\">\n\t\t\t\t<div class=\"elementor-element elementor-element-d22241c elementor-widget elementor-widget-image\" data-id=\"d22241c\" data-element_type=\"widget\" data-e-type=\"widget\" data-widget_type=\"image.default\">\n\t\t\t\t\t\t\t\t\t\t\t\t\t\t\t<img fetchpriority=\"high\" decoding=\"async\" width=\"600\" height=\"600\" src=\"https:\/\/priceless-kirch.89-188-72-178.plesk.page\/wp-content\/uploads\/2026\/03\/peter-have-fv26-600x600-1-2.jpg\" class=\"attachment-large size-large wp-image-31\" alt=\"Peter Have Profil\" srcset=\"https:\/\/priceless-kirch.89-188-72-178.plesk.page\/wp-content\/uploads\/2026\/03\/peter-have-fv26-600x600-1-2.jpg 600w, https:\/\/priceless-kirch.89-188-72-178.plesk.page\/wp-content\/uploads\/2026\/03\/peter-have-fv26-600x600-1-2-300x300.jpg 300w, https:\/\/priceless-kirch.89-188-72-178.plesk.page\/wp-content\/uploads\/2026\/03\/peter-have-fv26-600x600-1-2-150x150.jpg 150w\" sizes=\"(max-width: 600px) 100vw, 600px\" \/>\t\t\t\t\t\t\t\t\t\t\t\t\t\t\t<\/div>\n\t\t\t\t<div class=\"elementor-element elementor-element-aa76fe3 elementor-widget elementor-widget-text-editor\" data-id=\"aa76fe3\" data-element_type=\"widget\" data-e-type=\"widget\" data-widget_type=\"text-editor.default\">\n\t\t\t\t\t\t\t\t\t<p><strong>Kontakt<br \/><\/strong><a href=\"tel:+4533375500\">+45 333 755 00<\/a><br \/><span style=\"text-decoration: underline;\"><a href=\"mailto:peter.have@ft.dk\">peter.have@ft.dk<\/a><\/span><\/p><p><strong>Ordf\u00f8rerskaber:<\/strong><br \/>Forsvar, transport og beredskab<\/p>\t\t\t\t\t\t\t\t<\/div>\n\t\t\t\t<\/article>\n\t\t<div class=\"elementor-element elementor-element-143a397 e-con-full e-flex e-con e-child\" data-id=\"143a397\" data-element_type=\"container\" data-e-type=\"container\">\n\t\t\t\t<div class=\"elementor-element elementor-element-ee6a910 elementor-widget elementor-widget-heading\" data-id=\"ee6a910\" data-element_type=\"widget\" data-e-type=\"widget\" data-widget_type=\"heading.default\">\n\t\t\t\t\t<h2 class=\"elementor-heading-title elementor-size-default\">St\u00f8t \u00d8stjyllands - erhvervsliv<\/h2>\t\t\t\t<\/div>\n\t\t\t\t<div class=\"elementor-element elementor-element-db5dedf elementor-widget elementor-widget-text-editor\" data-id=\"db5dedf\" data-element_type=\"widget\" data-e-type=\"widget\" data-widget_type=\"text-editor.default\">\n\t\t\t\t\t\t\t\t\t<p>\u00d8stjylland er en af Danmarks st\u00e6rkeste v\u00e6kstmotorer. Her skabes arbejdspladser, innovation og eksport, som driver hele landet fremad. Men vi kan \u2013 og skal \u2013 endnu l\u00e6ngere. For at det kan lykkes, har vi brug for en tydelig og handlekraftig stemme i Folketinget, som forst\u00e5r erhvervslivets vilk\u00e5r indefra.<\/p><p>Jeg stiller op for at v\u00e6re din stemme i Folketinget \u2013 en stemme med forst\u00e5else for ansvar, v\u00e6kst og v\u00e6rdiskabelse. Med din st\u00f8tte kan vi sikre, at \u00d8stjyllands virksomheder bliver h\u00f8rt tydeligt p\u00e5 Christiansborg.<\/p><p>Med venlig hilsen, Peter Have <br \/>\u00d8stjyllands Storkreds<br \/>Moderaterne<\/p>\t\t\t\t\t\t\t\t<\/div>\n\t\t\t\t<div class=\"elementor-element elementor-element-320a9b8 elementor-widget elementor-widget-button\" data-id=\"320a9b8\" data-element_type=\"widget\" data-e-type=\"widget\" data-widget_type=\"button.default\">\n\t\t\t\t\t\t\t\t\t\t<a class=\"elementor-button elementor-button-link elementor-size-sm\" href=\"https:\/\/priceless-kirch.89-188-72-178.plesk.page\/index.php\/virksomhed-i-oestjylland\/\">\n\t\t\t\t\t\t<span class=\"elementor-button-content-wrapper\">\n\t\t\t\t\t\t\t\t\t<span class=\"elementor-button-text\">L\u00e6s mere<\/span>\n\t\t\t\t\t<\/span>\n\t\t\t\t\t<\/a>\n\t\t\t\t\t\t\t\t<\/div>\n\t\t\t\t<\/div>\n\t\t\t\t\t<\/div>\n\t\t\t\t<\/main>\n\t\t<section class=\"elementor-element elementor-element-12f1ba5 e-con-full e-flex e-con e-parent\" data-id=\"12f1ba5\" data-element_type=\"container\" data-e-type=\"container\">\n\t\t<article class=\"elementor-element elementor-element-8a117fc e-con-full e-flex e-con e-child\" data-id=\"8a117fc\" data-element_type=\"container\" data-e-type=\"container\" data-settings=\"{&quot;background_background&quot;:&quot;classic&quot;}\">\n\t\t\t\t<div class=\"elementor-element elementor-element-c7ee3b7 elementor-widget elementor-widget-heading\" data-id=\"c7ee3b7\" data-element_type=\"widget\" data-e-type=\"widget\" data-widget_type=\"heading.default\">\n\t\t\t\t\t<h2 class=\"elementor-heading-title elementor-size-default\">Valgplakater<\/h2>\t\t\t\t<\/div>\n\t\t\t\t<div class=\"elementor-element elementor-element-2fe0b55 elementor-widget elementor-widget-html\" data-id=\"2fe0b55\" data-element_type=\"widget\" data-e-type=\"widget\" data-widget_type=\"html.default\">\n\t\t\t\t\t<div class=\"progressbar-1\"><\/div>\r\n\r\n<style>\r\n.progressbar-1 {\r\n  width: 300px;              \r\n  height: 30px;              \r\n  border-radius: 999px;      \r\n  background: linear-gradient(\r\n    to right,\r\n    #F0C64D 0%,\r\n    #F0C64D 60%,\r\n    white 60%,\r\n    white 100%\r\n  );\r\n  border: 1px solid #ddd;    \r\n}\r\n<\/style>\t\t\t\t<\/div>\n\t\t\t\t<div class=\"elementor-element elementor-element-1176737 elementor-widget elementor-widget-text-editor\" data-id=\"1176737\" data-element_type=\"widget\" data-e-type=\"widget\" data-widget_type=\"text-editor.default\">\n\t\t\t\t\t\t\t\t\t<p>Valgplakater g\u00f8r mig synlig i det offentlige rum og skaber genkendelse hos v\u00e6lgerne. Jeg bruger dem, fordi det \u00f8ger sandsynligheden for, at v\u00e6lgerne husker mit navn, n\u00e5r de st\u00e5r i stemmeboksen &#8211; og dermed styrker min mulighed for at blive valgt som \u00d8stjyllands stemme i Folketinget.<\/p>\t\t\t\t\t\t\t\t<\/div>\n\t\t\t\t<div class=\"elementor-element elementor-element-8782bcf elementor-widget elementor-widget-button\" data-id=\"8782bcf\" data-element_type=\"widget\" data-e-type=\"widget\" data-widget_type=\"button.default\">\n\t\t\t\t\t\t\t\t\t\t<a class=\"elementor-button elementor-button-link elementor-size-sm\" href=\"#elementor-action%3Aaction%3Dpopup%3Aopen%26settings%3DeyJpZCI6IjIxMCIsInRvZ2dsZSI6ZmFsc2V9\">\n\t\t\t\t\t\t<span class=\"elementor-button-content-wrapper\">\n\t\t\t\t\t\t\t\t\t<span class=\"elementor-button-text\">St\u00f8t med Mobile Pay<\/span>\n\t\t\t\t\t<\/span>\n\t\t\t\t\t<\/a>\n\t\t\t\t\t\t\t\t<\/div>\n\t\t\t\t<div class=\"elementor-element elementor-element-6cdd7ad elementor-widget elementor-widget-text-editor\" data-id=\"6cdd7ad\" data-element_type=\"widget\" data-e-type=\"widget\" data-widget_type=\"text-editor.default\">\n\t\t\t\t\t\t\t\t\t<p><strong>Mit m\u00e5l er oph\u00e6nging af 2.000 valgplakater<\/strong><\/p>\t\t\t\t\t\t\t\t<\/div>\n\t\t\t\t<\/article>\n\t\t<div class=\"elementor-element elementor-element-7df5096 e-con-full e-flex e-con e-child\" data-id=\"7df5096\" data-element_type=\"container\" data-e-type=\"container\" data-settings=\"{&quot;background_background&quot;:&quot;classic&quot;}\">\n\t\t\t\t<div class=\"elementor-element elementor-element-40ba929 elementor-widget elementor-widget-image\" data-id=\"40ba929\" data-element_type=\"widget\" data-e-type=\"widget\" data-widget_type=\"image.default\">\n\t\t\t\t\t\t\t\t\t\t\t\t\t\t\t<img decoding=\"async\" width=\"450\" height=\"550\" src=\"https:\/\/priceless-kirch.89-188-72-178.plesk.page\/wp-content\/uploads\/2026\/03\/Valgplakat_Have_590x790_tryk-copy_cut.png\" class=\"attachment-large size-large wp-image-195\" alt=\"Peter Have Valgplakater\" srcset=\"https:\/\/priceless-kirch.89-188-72-178.plesk.page\/wp-content\/uploads\/2026\/03\/Valgplakat_Have_590x790_tryk-copy_cut.png 450w, https:\/\/priceless-kirch.89-188-72-178.plesk.page\/wp-content\/uploads\/2026\/03\/Valgplakat_Have_590x790_tryk-copy_cut-245x300.png 245w\" sizes=\"(max-width: 450px) 100vw, 450px\" \/>\t\t\t\t\t\t\t\t\t\t\t\t\t\t\t<\/div>\n\t\t\t\t<\/div>\n\t\t\t\t<\/section>\n\t\t<section class=\"elementor-element elementor-element-40096b7 e-con-full e-flex e-con e-parent\" data-id=\"40096b7\" data-element_type=\"container\" data-e-type=\"container\">\n\t\t<div class=\"elementor-element elementor-element-38f59dc e-con-full e-flex e-con e-child\" data-id=\"38f59dc\" data-element_type=\"container\" data-e-type=\"container\" data-settings=\"{&quot;background_background&quot;:&quot;classic&quot;}\">\n\t\t\t\t<div class=\"elementor-element elementor-element-b0cfe0e elementor-widget elementor-widget-image\" data-id=\"b0cfe0e\" data-element_type=\"widget\" data-e-type=\"widget\" data-widget_type=\"image.default\">\n\t\t\t\t\t\t\t\t\t\t\t\t\t\t\t<img decoding=\"async\" width=\"783\" height=\"424\" src=\"https:\/\/priceless-kirch.89-188-72-178.plesk.page\/wp-content\/uploads\/2026\/03\/moderaterne_flyer_cut.png\" class=\"attachment-large size-large wp-image-201\" alt=\"\" srcset=\"https:\/\/priceless-kirch.89-188-72-178.plesk.page\/wp-content\/uploads\/2026\/03\/moderaterne_flyer_cut.png 783w, https:\/\/priceless-kirch.89-188-72-178.plesk.page\/wp-content\/uploads\/2026\/03\/moderaterne_flyer_cut-300x162.png 300w, https:\/\/priceless-kirch.89-188-72-178.plesk.page\/wp-content\/uploads\/2026\/03\/moderaterne_flyer_cut-768x416.png 768w\" sizes=\"(max-width: 783px) 100vw, 783px\" \/>\t\t\t\t\t\t\t\t\t\t\t\t\t\t\t<\/div>\n\t\t\t\t<\/div>\n\t\t<article class=\"elementor-element elementor-element-30ab557 e-con-full e-flex e-con e-child\" data-id=\"30ab557\" data-element_type=\"container\" data-e-type=\"container\" data-settings=\"{&quot;background_background&quot;:&quot;classic&quot;}\">\n\t\t\t\t<div class=\"elementor-element elementor-element-1695424 elementor-widget elementor-widget-heading\" data-id=\"1695424\" data-element_type=\"widget\" data-e-type=\"widget\" data-widget_type=\"heading.default\">\n\t\t\t\t\t<h2 class=\"elementor-heading-title elementor-size-default\">Handouts<\/h2>\t\t\t\t<\/div>\n\t\t\t\t<div class=\"elementor-element elementor-element-07e0be3 elementor-widget elementor-widget-html\" data-id=\"07e0be3\" data-element_type=\"widget\" data-e-type=\"widget\" data-widget_type=\"html.default\">\n\t\t\t\t\t<div class=\"progressbar-2\"><\/div>\r\n\r\n<style>\r\n.progressbar-2 {\r\n  width: 300px;              \r\n  height: 30px;              \r\n  border-radius: 999px;      \r\n  background: linear-gradient(\r\n    to right,\r\n    #F0C64D 0%,\r\n    #F0C64D 20%,\r\n    white 10%,\r\n    white 100%\r\n  );\r\n  border: 1px solid #ddd;    \r\n}\r\n<\/style>\t\t\t\t<\/div>\n\t\t\t\t<div class=\"elementor-element elementor-element-74965ed elementor-widget elementor-widget-text-editor\" data-id=\"74965ed\" data-element_type=\"widget\" data-e-type=\"widget\" data-widget_type=\"text-editor.default\">\n\t\t\t\t\t\t\t\t\t<p>Brochurer giver mig mulighed for at uddybe mine budskaber og de m\u00e6rkesager, jeg k\u00e6mper for. Jeg bruger dem, fordi de giver v\u00e6lgerne et klart og samlet indblik i mine politiske prioriteringer &#8211; og g\u00f8r det lettere at tage stilling, n\u00e5r de skal s\u00e6tte deres kryds.<\/p>\t\t\t\t\t\t\t\t<\/div>\n\t\t\t\t<div class=\"elementor-element elementor-element-033f133 elementor-widget elementor-widget-button\" data-id=\"033f133\" data-element_type=\"widget\" data-e-type=\"widget\" data-widget_type=\"button.default\">\n\t\t\t\t\t\t\t\t\t\t<a class=\"elementor-button elementor-button-link elementor-size-sm\" href=\"#elementor-action%3Aaction%3Dpopup%3Aopen%26settings%3DeyJpZCI6IjIxMCIsInRvZ2dsZSI6ZmFsc2V9\">\n\t\t\t\t\t\t<span class=\"elementor-button-content-wrapper\">\n\t\t\t\t\t\t\t\t\t<span class=\"elementor-button-text\">St\u00f8t med Mobile Pay<\/span>\n\t\t\t\t\t<\/span>\n\t\t\t\t\t<\/a>\n\t\t\t\t\t\t\t\t<\/div>\n\t\t\t\t<div class=\"elementor-element elementor-element-170bcf2 elementor-widget elementor-widget-text-editor\" data-id=\"170bcf2\" data-element_type=\"widget\" data-e-type=\"widget\" data-widget_type=\"text-editor.default\">\n\t\t\t\t\t\t\t\t\t<p><strong>Mit m\u00e5l er uddeling af 30.000 stk. kampagnebrochurer<\/strong><\/p>\t\t\t\t\t\t\t\t<\/div>\n\t\t\t\t<\/article>\n\t\t\t\t<\/section>\n\t\t<section class=\"elementor-element elementor-element-2caaf71 e-con-full e-flex e-con e-parent\" data-id=\"2caaf71\" data-element_type=\"container\" data-e-type=\"container\">\n\t\t<article class=\"elementor-element elementor-element-d792820 e-con-full e-flex e-con e-child\" data-id=\"d792820\" data-element_type=\"container\" data-e-type=\"container\" data-settings=\"{&quot;background_background&quot;:&quot;classic&quot;}\">\n\t\t\t\t<div class=\"elementor-element elementor-element-634a746 elementor-widget elementor-widget-heading\" data-id=\"634a746\" data-element_type=\"widget\" data-e-type=\"widget\" data-widget_type=\"heading.default\">\n\t\t\t\t\t<h2 class=\"elementor-heading-title elementor-size-default\">V\u00e6lgerkaffe<\/h2>\t\t\t\t<\/div>\n\t\t\t\t<div class=\"elementor-element elementor-element-19acd21 elementor-widget elementor-widget-html\" data-id=\"19acd21\" data-element_type=\"widget\" data-e-type=\"widget\" data-widget_type=\"html.default\">\n\t\t\t\t\t<div class=\"progressbar-3\"><\/div>\r\n\r\n<style>\r\n.progressbar-3 {\r\n  width: 300px;              \r\n  height: 30px;              \r\n  border-radius: 999px;      \r\n  background: linear-gradient(\r\n    to right,\r\n    #F0C64D 0%,\r\n    #F0C64D 10%,\r\n    white 10%,\r\n    white 100%\r\n  );\r\n  border: 1px solid #ddd;    \r\n}\r\n<\/style>\t\t\t\t<\/div>\n\t\t\t\t<div class=\"elementor-element elementor-element-8e526da elementor-widget elementor-widget-text-editor\" data-id=\"8e526da\" data-element_type=\"widget\" data-e-type=\"widget\" data-widget_type=\"text-editor.default\">\n\t\t\t\t\t\t\t\t\t<p>En kop kaffe giver mig mulighed for at m\u00f8de v\u00e6lgerne ansigt til ansigt og tage en uformel snak. jeg bruger kaffe\/the, fordi den personlige samtale giver en bedre forst\u00e5else for, hvad der fylder i hverdagen &#8211; og hvad jeg skal arbejde for politisk.<\/p>\t\t\t\t\t\t\t\t<\/div>\n\t\t\t\t<div class=\"elementor-element elementor-element-4e14b04 elementor-widget elementor-widget-button\" data-id=\"4e14b04\" data-element_type=\"widget\" data-e-type=\"widget\" data-widget_type=\"button.default\">\n\t\t\t\t\t\t\t\t\t\t<a class=\"elementor-button elementor-button-link elementor-size-sm\" href=\"#elementor-action%3Aaction%3Dpopup%3Aopen%26settings%3DeyJpZCI6IjIxMCIsInRvZ2dsZSI6ZmFsc2V9\">\n\t\t\t\t\t\t<span class=\"elementor-button-content-wrapper\">\n\t\t\t\t\t\t\t\t\t<span class=\"elementor-button-text\">St\u00f8t med Mobile Pay<\/span>\n\t\t\t\t\t<\/span>\n\t\t\t\t\t<\/a>\n\t\t\t\t\t\t\t\t<\/div>\n\t\t\t\t<div class=\"elementor-element elementor-element-76496a4 elementor-widget elementor-widget-text-editor\" data-id=\"76496a4\" data-element_type=\"widget\" data-e-type=\"widget\" data-widget_type=\"text-editor.default\">\n\t\t\t\t\t\t\t\t\t<p><strong>Mit m\u00e5l er at drikke over 250 kopper kaffe sammen med de \u00f8stjyske v\u00e6lgere<\/strong><\/p>\t\t\t\t\t\t\t\t<\/div>\n\t\t\t\t<\/article>\n\t\t<div class=\"elementor-element elementor-element-d930608 e-con-full e-flex e-con e-child\" data-id=\"d930608\" data-element_type=\"container\" data-e-type=\"container\" data-settings=\"{&quot;background_background&quot;:&quot;classic&quot;}\">\n\t\t\t\t<\/div>\n\t\t\t\t<\/section>\n\t\t<section class=\"elementor-element elementor-element-f5265ec e-con-full e-flex e-con e-parent\" data-id=\"f5265ec\" data-element_type=\"container\" data-e-type=\"container\">\n\t\t<div class=\"elementor-element elementor-element-42da7c3 e-con-full e-flex e-con e-child\" data-id=\"42da7c3\" data-element_type=\"container\" data-e-type=\"container\" data-settings=\"{&quot;background_background&quot;:&quot;classic&quot;}\">\n\t\t\t\t<\/div>\n\t\t<article class=\"elementor-element elementor-element-29798bf e-con-full e-flex e-con e-child\" data-id=\"29798bf\" data-element_type=\"container\" data-e-type=\"container\" data-settings=\"{&quot;background_background&quot;:&quot;classic&quot;}\">\n\t\t\t\t<div class=\"elementor-element elementor-element-53a952e elementor-widget elementor-widget-heading\" data-id=\"53a952e\" data-element_type=\"widget\" data-e-type=\"widget\" data-widget_type=\"heading.default\">\n\t\t\t\t\t<h2 class=\"elementor-heading-title elementor-size-default\">Videoer og webbannere<\/h2>\t\t\t\t<\/div>\n\t\t\t\t<div class=\"elementor-element elementor-element-408115a elementor-widget elementor-widget-html\" data-id=\"408115a\" data-element_type=\"widget\" data-e-type=\"widget\" data-widget_type=\"html.default\">\n\t\t\t\t\t<div class=\"progressbar-4\"><\/div>\r\n\r\n<style>\r\n.progressbar-4 {\r\n  width: 300px;              \r\n  height: 30px;              \r\n  border-radius: 999px;      \r\n  background: linear-gradient(\r\n    to right,\r\n    #F0C64D 0%,\r\n    #F0C64D 60%,\r\n    white 10%,\r\n    white 100%\r\n  );\r\n  border: 1px solid #ddd;    \r\n}\r\n<\/style>\t\t\t\t<\/div>\n\t\t\t\t<div class=\"elementor-element elementor-element-a4efee8 elementor-widget elementor-widget-text-editor\" data-id=\"a4efee8\" data-element_type=\"widget\" data-e-type=\"widget\" data-widget_type=\"text-editor.default\">\n\t\t\t\t\t\t\t\t\t<p>I dag lever og bev\u00e6ger mennesker sig i h\u00f8j grad online. Vi streamer, scroller, s\u00f8ger og shopper &#8211; og vi bruger en stor del af vores tid p\u00e5 nettet. Derfor skal budskaber ogs\u00e5 v\u00e6re d\u00e9r, hvor opm\u00e6rksomheden er. Jeg vil skabe n\u00e6rv\u00e6r, fort\u00e6lle historier og fange opm\u00e6rksomheden i et digitalt flow.<\/p>\t\t\t\t\t\t\t\t<\/div>\n\t\t\t\t<div class=\"elementor-element elementor-element-7d2de3a elementor-widget elementor-widget-button\" data-id=\"7d2de3a\" data-element_type=\"widget\" data-e-type=\"widget\" data-widget_type=\"button.default\">\n\t\t\t\t\t\t\t\t\t\t<a class=\"elementor-button elementor-button-link elementor-size-sm\" href=\"#elementor-action%3Aaction%3Dpopup%3Aopen%26settings%3DeyJpZCI6IjIxMCIsInRvZ2dsZSI6ZmFsc2V9\">\n\t\t\t\t\t\t<span class=\"elementor-button-content-wrapper\">\n\t\t\t\t\t\t\t\t\t<span class=\"elementor-button-text\">St\u00f8t med Mobile Pay<\/span>\n\t\t\t\t\t<\/span>\n\t\t\t\t\t<\/a>\n\t\t\t\t\t\t\t\t<\/div>\n\t\t\t\t<div class=\"elementor-element elementor-element-ed77fc4 elementor-widget elementor-widget-text-editor\" data-id=\"ed77fc4\" data-element_type=\"widget\" data-e-type=\"widget\" data-widget_type=\"text-editor.default\">\n\t\t\t\t\t\t\t\t\t<p><strong>Mit m\u00e5l er at mit budskab s\u00e6tter sig fast og bliver husket som det rigtige valg her i \u00d8stjylland<\/strong><\/p>\t\t\t\t\t\t\t\t<\/div>\n\t\t\t\t<\/article>\n\t\t\t\t<\/section>\n\t\t<article class=\"elementor-element elementor-element-094f784 e-flex e-con-boxed e-con e-parent\" data-id=\"094f784\" data-element_type=\"container\" data-e-type=\"container\">\n\t\t\t\t\t<div class=\"e-con-inner\">\n\t\t\t\t<div class=\"elementor-element elementor-element-edce392 elementor-widget elementor-widget-heading\" data-id=\"edce392\" data-element_type=\"widget\" data-e-type=\"widget\" data-widget_type=\"heading.default\">\n\t\t\t\t\t<h2 class=\"elementor-heading-title elementor-size-default\">\u201cVi skal ud af ekkokamrene og tale sammen \u2013 det er s\u00e5dan, vi skaber l\u00f8sninger, der virker i virkeligheden.\u201d<\/h2>\t\t\t\t<\/div>\n\t\t\t\t<div class=\"elementor-element elementor-element-f6fae21 elementor-widget elementor-widget-text-editor\" data-id=\"f6fae21\" data-element_type=\"widget\" data-e-type=\"widget\" data-widget_type=\"text-editor.default\">\n\t\t\t\t\t\t\t\t\t<p>Peter Have<\/p>\t\t\t\t\t\t\t\t<\/div>\n\t\t\t\t\t<\/div>\n\t\t\t\t<\/article>\n\t\t\t\t<\/div>\n\t\t","protected":false},"excerpt":{"rendered":"<p>Kontakt+45 333 755 00peter.have@ft.dk Ordf\u00f8rerskaber:Forsvar, transport og beredskab St\u00f8t \u00d8stjyllands &#8211; erhvervsliv \u00d8stjylland er en af Danmarks st\u00e6rkeste v\u00e6kstmotorer. Her skabes arbejdspladser, innovation og eksport, som driver hele landet fremad. Men vi kan \u2013 og skal \u2013 endnu l\u00e6ngere. For at det kan lykkes, har vi brug for en tydelig og handlekraftig stemme i Folketinget, [&hellip;]<\/p>\n","protected":false},"author":1,"featured_media":0,"parent":0,"menu_order":0,"comment_status":"closed","ping_status":"closed","template":"","meta":{"footnotes":""},"class_list":["post-182","page","type-page","status-publish","hentry"],"_links":{"self":[{"href":"https:\/\/priceless-kirch.89-188-72-178.plesk.page\/index.php\/wp-json\/wp\/v2\/pages\/182","targetHints":{"allow":["GET"]}}],"collection":[{"href":"https:\/\/priceless-kirch.89-188-72-178.plesk.page\/index.php\/wp-json\/wp\/v2\/pages"}],"about":[{"href":"https:\/\/priceless-kirch.89-188-72-178.plesk.page\/index.php\/wp-json\/wp\/v2\/types\/page"}],"author":[{"embeddable":true,"href":"https:\/\/priceless-kirch.89-188-72-178.plesk.page\/index.php\/wp-json\/wp\/v2\/users\/1"}],"replies":[{"embeddable":true,"href":"https:\/\/priceless-kirch.89-188-72-178.plesk.page\/index.php\/wp-json\/wp\/v2\/comments?post=182"}],"version-history":[{"count":16,"href":"https:\/\/priceless-kirch.89-188-72-178.plesk.page\/index.php\/wp-json\/wp\/v2\/pages\/182\/revisions"}],"predecessor-version":[{"id":216,"href":"https:\/\/priceless-kirch.89-188-72-178.plesk.page\/index.php\/wp-json\/wp\/v2\/pages\/182\/revisions\/216"}],"wp:attachment":[{"href":"https:\/\/priceless-kirch.89-188-72-178.plesk.page\/index.php\/wp-json\/wp\/v2\/media?parent=182"}],"curies":[{"name":"wp","href":"https:\/\/api.w.org\/{rel}","templated":true}]}}