{"id":169,"date":"2026-03-04T14:14:18","date_gmt":"2026-03-04T14:14:18","guid":{"rendered":"https:\/\/priceless-kirch.89-188-72-178.plesk.page\/?page_id=169"},"modified":"2026-03-06T13:59:58","modified_gmt":"2026-03-06T13:59:58","slug":"virksomhed-i-oestjylland","status":"publish","type":"page","link":"https:\/\/priceless-kirch.89-188-72-178.plesk.page\/index.php\/virksomhed-i-oestjylland\/","title":{"rendered":"Virksomhed i \u00d8stjylland"},"content":{"rendered":"\t\t<div data-elementor-type=\"wp-page\" data-elementor-id=\"169\" class=\"elementor elementor-169\" data-elementor-post-type=\"page\">\n\t\t\t\t<header class=\"elementor-element elementor-element-7b9c62e e-flex e-con-boxed e-con e-parent\" data-id=\"7b9c62e\" data-element_type=\"container\" data-e-type=\"container\" data-settings=\"{&quot;background_background&quot;:&quot;classic&quot;}\">\n\t\t\t\t\t<div class=\"e-con-inner\">\n\t\t\t\t<div class=\"elementor-element elementor-element-7375f7e elementor-widget elementor-widget-heading\" data-id=\"7375f7e\" data-element_type=\"widget\" data-e-type=\"widget\" data-widget_type=\"heading.default\">\n\t\t\t\t\t<h2 class=\"elementor-heading-title elementor-size-default\">Mindre bureaukrati, <br \/>mere fremdrift<\/h2>\t\t\t\t<\/div>\n\t\t\t\t\t<\/div>\n\t\t\t\t<\/header>\n\t\t<main class=\"elementor-element elementor-element-330cbac e-flex e-con-boxed e-con e-parent\" data-id=\"330cbac\" data-element_type=\"container\" data-e-type=\"container\">\n\t\t\t\t\t<div class=\"e-con-inner\">\n\t\t\t\t<div class=\"elementor-element elementor-element-05412fb elementor-widget elementor-widget-heading\" data-id=\"05412fb\" data-element_type=\"widget\" data-e-type=\"widget\" data-widget_type=\"heading.default\">\n\t\t\t\t\t<h2 class=\"elementor-heading-title elementor-size-default\">N\u00e5r erhvervsliv og forsvar h\u00e6nger sammen<\/h2>\t\t\t\t<\/div>\n\t\t\t\t<div class=\"elementor-element elementor-element-510b3cf elementor-widget elementor-widget-text-editor\" data-id=\"510b3cf\" data-element_type=\"widget\" data-e-type=\"widget\" data-widget_type=\"text-editor.default\">\n\t\t\t\t\t\t\t\t\t<p>Jeg bor og arbejder i \u00d8stjylland og kender hverdagen \u2013 b\u00e5de som erhvervsdrivende og som privatperson. Jeg ved, hvor vigtigt det er, at infrastrukturen fungerer, at virksomhederne har stabile rammevilk\u00e5r, og at der skabes lokale arbejdspladser. N\u00e5r det er nemt at drive og udvikle virksomhed, styrker vi hele omr\u00e5det og skaber trygge rammer for familierne.<\/p><p>Jeg tror p\u00e5 dialog frem for skyttegrave og p\u00e5 l\u00f8sninger, der virker i virkeligheden. \u00d8stjylland fortjener en stemme, der forst\u00e5r b\u00e5de erhvervslivet og livet uden for Christiansborg.<\/p><p><strong>Kollektiv transport<\/strong> <br \/>Mobilitet skal v\u00e6re for alle. Uanset om man bor i byen eller i de mindre lokalsamfund, skal det v\u00e6re muligt at komme p\u00e5 arbejde, til uddannelse og til fritidsaktiviteter. En st\u00e6rk kollektiv transport l\u00f8fter livskvaliteten, binder landsdelene sammen og styrker v\u00e6ksten. N\u00e5r vi investerer klogt i transport, investerer vi i sammenh\u00e6ngskraft.<\/p>\t\t\t\t\t\t\t\t<\/div>\n\t\t\t\t\t<\/div>\n\t\t\t\t<\/main>\n\t\t<section class=\"elementor-element elementor-element-771febd e-con-full e-flex e-con e-parent\" data-id=\"771febd\" data-element_type=\"container\" data-e-type=\"container\" data-settings=\"{&quot;background_background&quot;:&quot;classic&quot;}\">\n\t\t\t\t<\/section>\n\t\t<article class=\"elementor-element elementor-element-87b4c04 e-flex e-con-boxed e-con e-parent\" data-id=\"87b4c04\" data-element_type=\"container\" data-e-type=\"container\">\n\t\t\t\t\t<div class=\"e-con-inner\">\n\t\t\t\t<div class=\"elementor-element elementor-element-fa4f004 elementor-widget elementor-widget-text-editor\" data-id=\"fa4f004\" data-element_type=\"widget\" data-e-type=\"widget\" data-widget_type=\"text-editor.default\">\n\t\t\t\t\t\t\t\t\t<p><strong>Fri tandpleje<\/strong> <br \/>Tandpleje er en naturlig del af vores sundhed. D\u00e5rlig mundsundhed kan f\u00f8re til alvorlige sygdomme, og derfor b\u00f8r vi p\u00e5 sigt arbejde hen imod fri tandpleje for alle. Sundhed skal ikke afh\u00e6nge af pengepung eller postnummer \u2013 god tandsundhed er en del af et velfungerende samfund.<\/p><p><strong> Klima<\/strong><br \/>Den gr\u00f8nne fremtid er vejen frem \u2013 b\u00e5de for klimaet og for erhvervslivet. Den gr\u00f8nne omstilling skal v\u00e6re realistisk og \u00f8konomisk ansvarlig, s\u00e5 vi kan skabe innovation og nye arbejdspladser. Gr\u00f8n energi skal prioriteres, og det skal v\u00e6re attraktivt for b\u00e5de borgere og virksomheder at v\u00e6lge de b\u00e6redygtige l\u00f8sninger. <br \/><br \/>Peter Have <br \/>\u00d8stjylland<\/p>\t\t\t\t\t\t\t\t<\/div>\n\t\t\t\t<div class=\"elementor-element elementor-element-8a6632d elementor-widget elementor-widget-heading\" data-id=\"8a6632d\" data-element_type=\"widget\" data-e-type=\"widget\" data-widget_type=\"heading.default\">\n\t\t\t\t\t<h2 class=\"elementor-heading-title elementor-size-default\">Bureaukratiet m\u00e5 ikke st\u00e5 i vejen for dem, der tager ansvar og skaber v\u00e6rdi. N\u00e5r virksomhederne har ordentlige vilk\u00e5r, s\u00e5 vokser arbejdspladserne, og innovation og nyt\u00e6nkning kan blomstre\u2026<\/h2>\t\t\t\t<\/div>\n\t\t\t\t\t<\/div>\n\t\t\t\t<\/article>\n\t\t<article class=\"elementor-element elementor-element-d0358fa e-flex e-con-boxed e-con e-parent\" data-id=\"d0358fa\" data-element_type=\"container\" data-e-type=\"container\">\n\t\t\t\t\t<div class=\"e-con-inner\">\n\t\t<section class=\"elementor-element elementor-element-a87ba6b e-con-full e-flex e-con e-child\" data-id=\"a87ba6b\" data-element_type=\"container\" data-e-type=\"container\">\n\t\t\t\t<div class=\"elementor-element elementor-element-3a57dc4 elementor-widget elementor-widget-video\" data-id=\"3a57dc4\" data-element_type=\"widget\" data-e-type=\"widget\" data-settings=\"{&quot;video_type&quot;:&quot;vimeo&quot;}\" data-widget_type=\"video.default\">\n\t\t\t\t\t\t\t<div class=\"elementor-wrapper elementor-open-inline\">\n\t\t\t<iframe class=\"elementor-video-iframe\" allowfullscreen allow=\"clipboard-write\" title=\"vimeo videoafspiller\" src=\"https:\/\/player.vimeo.com\/video\/1171032841?color&amp;autopause=0&amp;loop=0&amp;muted=0&amp;title=1&amp;portrait=1&amp;byline=1#t=\"><\/iframe>\t\t<\/div>\n\t\t\t\t\t\t<\/div>\n\t\t\t\t<div class=\"elementor-element elementor-element-9a179dc elementor-widget elementor-widget-video\" data-id=\"9a179dc\" data-element_type=\"widget\" data-e-type=\"widget\" data-settings=\"{&quot;video_type&quot;:&quot;vimeo&quot;}\" data-widget_type=\"video.default\">\n\t\t\t\t\t\t\t<div class=\"elementor-wrapper elementor-open-inline\">\n\t\t\t<iframe class=\"elementor-video-iframe\" allowfullscreen allow=\"clipboard-write\" title=\"vimeo videoafspiller\" src=\"https:\/\/player.vimeo.com\/video\/1171032895?color&amp;autopause=0&amp;loop=0&amp;muted=0&amp;title=1&amp;portrait=1&amp;byline=1#t=\"><\/iframe>\t\t<\/div>\n\t\t\t\t\t\t<\/div>\n\t\t\t\t<div class=\"elementor-element elementor-element-a4bb9f7 elementor-widget elementor-widget-video\" data-id=\"a4bb9f7\" data-element_type=\"widget\" data-e-type=\"widget\" data-settings=\"{&quot;video_type&quot;:&quot;vimeo&quot;}\" data-widget_type=\"video.default\">\n\t\t\t\t\t\t\t<div class=\"elementor-wrapper elementor-open-inline\">\n\t\t\t<iframe class=\"elementor-video-iframe\" allowfullscreen allow=\"clipboard-write\" title=\"vimeo videoafspiller\" src=\"https:\/\/player.vimeo.com\/video\/1171032983?color&amp;autopause=0&amp;loop=0&amp;muted=0&amp;title=1&amp;portrait=1&amp;byline=1#t=\"><\/iframe>\t\t<\/div>\n\t\t\t\t\t\t<\/div>\n\t\t\t\t<div class=\"elementor-element elementor-element-0cec180 elementor-widget elementor-widget-video\" data-id=\"0cec180\" data-element_type=\"widget\" data-e-type=\"widget\" data-settings=\"{&quot;video_type&quot;:&quot;vimeo&quot;}\" data-widget_type=\"video.default\">\n\t\t\t\t\t\t\t<div class=\"elementor-wrapper elementor-open-inline\">\n\t\t\t<iframe class=\"elementor-video-iframe\" allowfullscreen allow=\"clipboard-write\" title=\"vimeo videoafspiller\" src=\"https:\/\/player.vimeo.com\/video\/1171033015?color&amp;autopause=0&amp;loop=0&amp;muted=0&amp;title=1&amp;portrait=1&amp;byline=1#t=\"><\/iframe>\t\t<\/div>\n\t\t\t\t\t\t<\/div>\n\t\t\t\t<\/section>\n\t\t\t\t\t<\/div>\n\t\t\t\t<\/article>\n\t\t<section class=\"elementor-element elementor-element-99ea386 e-flex e-con-boxed e-con e-parent\" data-id=\"99ea386\" data-element_type=\"container\" data-e-type=\"container\" data-settings=\"{&quot;background_background&quot;:&quot;classic&quot;}\">\n\t\t\t\t\t<div class=\"e-con-inner\">\n\t\t\t\t<div class=\"elementor-element elementor-element-79769b4 elementor-widget elementor-widget-heading\" data-id=\"79769b4\" data-element_type=\"widget\" data-e-type=\"widget\" data-widget_type=\"heading.default\">\n\t\t\t\t\t<h2 class=\"elementor-heading-title elementor-size-default\">Mine m\u00e6rkesager<\/h2>\t\t\t\t<\/div>\n\t\t<section class=\"elementor-element elementor-element-743a4ad e-con-full e-flex e-con e-child\" data-id=\"743a4ad\" data-element_type=\"container\" data-e-type=\"container\">\n\t\t<article class=\"elementor-element elementor-element-86abef1 e-con-full e-flex e-con e-child\" data-id=\"86abef1\" data-element_type=\"container\" data-e-type=\"container\">\n\t\t\t\t<div class=\"elementor-element elementor-element-525a1f7 elementor-widget elementor-widget-heading\" data-id=\"525a1f7\" data-element_type=\"widget\" data-e-type=\"widget\" data-widget_type=\"heading.default\">\n\t\t\t\t\t<h3 class=\"elementor-heading-title elementor-size-default\">Erhvervspolitik<\/h3>\t\t\t\t<\/div>\n\t\t\t\t<div class=\"elementor-element elementor-element-14ea659 elementor-widget elementor-widget-text-editor\" data-id=\"14ea659\" data-element_type=\"widget\" data-e-type=\"widget\" data-widget_type=\"text-editor.default\">\n\t\t\t\t\t\t\t\t\t<p>De rette rammevilk\u00e5r for erhvervslivet er afg\u00f8rende, for det er vores private virksomheder, der b\u00e6rer velf\u00e6rdssamfundet. Derfor skal vi sikre, at virksomhederne kan tjene penge, s\u00e5 de kan investere i fremtiden og opkvalificere deres medarbejdere.<\/p>\t\t\t\t\t\t\t\t<\/div>\n\t\t\t\t<\/article>\n\t\t<article class=\"elementor-element elementor-element-169942a e-con-full e-flex e-con e-child\" data-id=\"169942a\" data-element_type=\"container\" data-e-type=\"container\">\n\t\t\t\t<div class=\"elementor-element elementor-element-3c72487 elementor-widget elementor-widget-heading\" data-id=\"3c72487\" data-element_type=\"widget\" data-e-type=\"widget\" data-widget_type=\"heading.default\">\n\t\t\t\t\t<h3 class=\"elementor-heading-title elementor-size-default\">Forsvar<\/h3>\t\t\t\t<\/div>\n\t\t\t\t<div class=\"elementor-element elementor-element-6e32227 elementor-widget elementor-widget-text-editor\" data-id=\"6e32227\" data-element_type=\"widget\" data-e-type=\"widget\" data-widget_type=\"text-editor.default\">\n\t\t\t\t\t\t\t\t\t<p>Vi skal skabe de bedste rammer for at fastholde og motivere vores dygtige folk i forsvaret. Ved at give soldaterne mulighed for at udvikle sig b\u00e5de inden for og uden for uniformen, kan vi forme en attraktiv og fremtidssikret arbejdsplads. Investeringer i materiel er intet v\u00e6rd uden et st\u00e6rkt og dedikeret mandskab.<\/p>\t\t\t\t\t\t\t\t<\/div>\n\t\t\t\t<\/article>\n\t\t<article class=\"elementor-element elementor-element-6ba4a25 e-con-full e-flex e-con e-child\" data-id=\"6ba4a25\" data-element_type=\"container\" data-e-type=\"container\">\n\t\t\t\t<div class=\"elementor-element elementor-element-6072a08 elementor-widget elementor-widget-heading\" data-id=\"6072a08\" data-element_type=\"widget\" data-e-type=\"widget\" data-widget_type=\"heading.default\">\n\t\t\t\t\t<h3 class=\"elementor-heading-title elementor-size-default\">Klima<\/h3>\t\t\t\t<\/div>\n\t\t\t\t<div class=\"elementor-element elementor-element-84497ed elementor-widget elementor-widget-text-editor\" data-id=\"84497ed\" data-element_type=\"widget\" data-e-type=\"widget\" data-widget_type=\"text-editor.default\">\n\t\t\t\t\t\t\t\t\t<p>Den gr\u00f8nne fremtid er vejen frem \u2013 b\u00e5de for klimaet og for erhvervslivet. Vi skal sikre, at den gr\u00f8nne omstilling er b\u00e5de realistisk og \u00f8konomisk b\u00e6redygtig, s\u00e5 vi ogs\u00e5 kan drive innovation frem. Gr\u00f8n energi skal have f\u00f8rsteprioritet, og vi skal g\u00f8re det attraktivt for danskerne af v\u00e6lge de gr\u00f8nne l\u00f8sninger.<\/p>\t\t\t\t\t\t\t\t<\/div>\n\t\t\t\t<\/article>\n\t\t\t\t<\/section>\n\t\t\t\t\t<\/div>\n\t\t\t\t<\/section>\n\t\t<section class=\"elementor-element elementor-element-3e9fa96 e-con-full e-flex e-con e-parent\" data-id=\"3e9fa96\" data-element_type=\"container\" data-e-type=\"container\">\n\t\t<div class=\"elementor-element elementor-element-033b65c e-con-full e-flex e-con e-child\" data-id=\"033b65c\" data-element_type=\"container\" data-e-type=\"container\" data-settings=\"{&quot;background_background&quot;:&quot;classic&quot;}\">\n\t\t\t\t<\/div>\n\t\t<article class=\"elementor-element elementor-element-c5dec9f e-con-full e-flex e-con e-child\" data-id=\"c5dec9f\" data-element_type=\"container\" data-e-type=\"container\" data-settings=\"{&quot;background_background&quot;:&quot;classic&quot;}\">\n\t\t\t\t<div class=\"elementor-element elementor-element-cf46e3f elementor-widget elementor-widget-heading\" data-id=\"cf46e3f\" data-element_type=\"widget\" data-e-type=\"widget\" data-widget_type=\"heading.default\">\n\t\t\t\t\t<h2 class=\"elementor-heading-title elementor-size-default\">Citat fra Ud af det bl\u00e5, en Danmarksrejse af Lars L\u00f8kke Rasmussen<\/h2>\t\t\t\t<\/div>\n\t\t\t\t<div class=\"elementor-element elementor-element-abe0e0c elementor-widget elementor-widget-text-editor\" data-id=\"abe0e0c\" data-element_type=\"widget\" data-e-type=\"widget\" data-widget_type=\"text-editor.default\">\n\t\t\t\t\t\t\t\t\t<p>&#8220;Peter har tydeligvis meget p\u00e5 hjertet, men f\u00f8rst og fremmest virker han drevet af en ambition om, at vi bryder fri af vores sm\u00e5 ekkokamre for i stedet fredsommeligt at krydse klinger med dem, der har et andet afs\u00e6t end os selv. Han tror, som jeg, p\u00e5, at det nytter at f\u00e5 den offentligt ansatte sygeplejerske og den private erhvervsdrivende til at tale sammen om det, der betyder mest for den ene og den anden &#8211; for m\u00e5ske kan netop den samtale skabe forst\u00e5else for, at det er en f\u00e6lles interesse at skabe gode rammevilk\u00e5r for dem begge.&#8221;<\/p>\t\t\t\t\t\t\t\t<\/div>\n\t\t\t\t<\/article>\n\t\t\t\t<\/section>\n\t\t\t\t<\/div>\n\t\t","protected":false},"excerpt":{"rendered":"<p>Mindre bureaukrati, mere fremdrift N\u00e5r erhvervsliv og forsvar h\u00e6nger sammen Jeg bor og arbejder i \u00d8stjylland og kender hverdagen \u2013 b\u00e5de som erhvervsdrivende og som privatperson. Jeg ved, hvor vigtigt det er, at infrastrukturen fungerer, at virksomhederne har stabile rammevilk\u00e5r, og at der skabes lokale arbejdspladser. N\u00e5r det er nemt at drive og udvikle virksomhed, [&hellip;]<\/p>\n","protected":false},"author":1,"featured_media":0,"parent":0,"menu_order":0,"comment_status":"closed","ping_status":"closed","template":"","meta":{"footnotes":""},"class_list":["post-169","page","type-page","status-publish","hentry"],"_links":{"self":[{"href":"https:\/\/priceless-kirch.89-188-72-178.plesk.page\/index.php\/wp-json\/wp\/v2\/pages\/169","targetHints":{"allow":["GET"]}}],"collection":[{"href":"https:\/\/priceless-kirch.89-188-72-178.plesk.page\/index.php\/wp-json\/wp\/v2\/pages"}],"about":[{"href":"https:\/\/priceless-kirch.89-188-72-178.plesk.page\/index.php\/wp-json\/wp\/v2\/types\/page"}],"author":[{"embeddable":true,"href":"https:\/\/priceless-kirch.89-188-72-178.plesk.page\/index.php\/wp-json\/wp\/v2\/users\/1"}],"replies":[{"embeddable":true,"href":"https:\/\/priceless-kirch.89-188-72-178.plesk.page\/index.php\/wp-json\/wp\/v2\/comments?post=169"}],"version-history":[{"count":10,"href":"https:\/\/priceless-kirch.89-188-72-178.plesk.page\/index.php\/wp-json\/wp\/v2\/pages\/169\/revisions"}],"predecessor-version":[{"id":232,"href":"https:\/\/priceless-kirch.89-188-72-178.plesk.page\/index.php\/wp-json\/wp\/v2\/pages\/169\/revisions\/232"}],"wp:attachment":[{"href":"https:\/\/priceless-kirch.89-188-72-178.plesk.page\/index.php\/wp-json\/wp\/v2\/media?parent=169"}],"curies":[{"name":"wp","href":"https:\/\/api.w.org\/{rel}","templated":true}]}}