{"id":144,"date":"2026-03-04T11:39:42","date_gmt":"2026-03-04T11:39:42","guid":{"rendered":"https:\/\/priceless-kirch.89-188-72-178.plesk.page\/?page_id=144"},"modified":"2026-03-06T13:59:47","modified_gmt":"2026-03-06T13:59:47","slug":"borger-i-oestjylland","status":"publish","type":"page","link":"https:\/\/priceless-kirch.89-188-72-178.plesk.page\/index.php\/borger-i-oestjylland\/","title":{"rendered":"Borger i \u00d8stjylland"},"content":{"rendered":"\t\t<div data-elementor-type=\"wp-page\" data-elementor-id=\"144\" class=\"elementor elementor-144\" data-elementor-post-type=\"page\">\n\t\t\t\t<header class=\"elementor-element elementor-element-bd4405a e-flex e-con-boxed e-con e-parent\" data-id=\"bd4405a\" data-element_type=\"container\" data-e-type=\"container\" data-settings=\"{&quot;background_background&quot;:&quot;classic&quot;}\">\n\t\t\t\t\t<div class=\"e-con-inner\">\n\t\t\t\t<div class=\"elementor-element elementor-element-ec37fa4 elementor-widget elementor-widget-heading\" data-id=\"ec37fa4\" data-element_type=\"widget\" data-e-type=\"widget\" data-widget_type=\"heading.default\">\n\t\t\t\t\t<h2 class=\"elementor-heading-title elementor-size-default\">Sikkerhed<br \/>\ni hverdagen...<\/h2>\t\t\t\t<\/div>\n\t\t\t\t\t<\/div>\n\t\t\t\t<\/header>\n\t\t<main class=\"elementor-element elementor-element-04c42c9 e-flex e-con-boxed e-con e-parent\" data-id=\"04c42c9\" data-element_type=\"container\" data-e-type=\"container\">\n\t\t\t\t\t<div class=\"e-con-inner\">\n\t\t\t\t<div class=\"elementor-element elementor-element-eb764f6 elementor-widget elementor-widget-heading\" data-id=\"eb764f6\" data-element_type=\"widget\" data-e-type=\"widget\" data-widget_type=\"heading.default\">\n\t\t\t\t\t<h2 class=\"elementor-heading-title elementor-size-default\">Fra kollektiv trafik og klima, til fri tandpleje<\/h2>\t\t\t\t<\/div>\n\t\t\t\t<div class=\"elementor-element elementor-element-2df4f45 elementor-widget elementor-widget-text-editor\" data-id=\"2df4f45\" data-element_type=\"widget\" data-e-type=\"widget\" data-widget_type=\"text-editor.default\">\n\t\t\t\t\t\t\t\t\t<p>Jeg bor og arbejder i \u00d8stjylland og kender hverdagen \u2013 b\u00e5de som erhvervsdrivende og som privatperson. Jeg ved, hvor vigtigt det er, at infrastrukturen fungerer, at virksomhederne har stabile rammevilk\u00e5r, og at der skabes lokale arbejdspladser. N\u00e5r det er nemt at drive og udvikle virksomhed, styrker vi hele omr\u00e5det og skaber trygge rammer for familierne.<\/p><p>Jeg tror p\u00e5 dialog frem for skyttegrave og p\u00e5 l\u00f8sninger, der virker i virkeligheden. \u00d8stjylland fortjener en stemme, der forst\u00e5r b\u00e5de erhvervslivet og livet uden for Christiansborg.<\/p><p><strong>Kollektiv transport<\/strong> <br \/>Mobilitet skal v\u00e6re for alle. Uanset om man bor i byen eller i de mindre lokalsamfund, skal det v\u00e6re muligt at komme p\u00e5 arbejde, til uddannelse og til fritidsaktiviteter. En st\u00e6rk kollektiv transport l\u00f8fter livskvaliteten, binder landsdelene sammen og styrker v\u00e6ksten. N\u00e5r vi investerer klogt i transport, investerer vi i sammenh\u00e6ngskraft.<\/p>\t\t\t\t\t\t\t\t<\/div>\n\t\t\t\t\t<\/div>\n\t\t\t\t<\/main>\n\t\t<section class=\"elementor-element elementor-element-26efaed e-con-full e-flex e-con e-parent\" data-id=\"26efaed\" data-element_type=\"container\" data-e-type=\"container\" data-settings=\"{&quot;background_background&quot;:&quot;classic&quot;}\">\n\t\t\t\t<\/section>\n\t\t<article class=\"elementor-element elementor-element-3829dba e-flex e-con-boxed e-con e-parent\" data-id=\"3829dba\" data-element_type=\"container\" data-e-type=\"container\">\n\t\t\t\t\t<div class=\"e-con-inner\">\n\t\t\t\t<div class=\"elementor-element elementor-element-5cb9845 elementor-widget elementor-widget-text-editor\" data-id=\"5cb9845\" data-element_type=\"widget\" data-e-type=\"widget\" data-widget_type=\"text-editor.default\">\n\t\t\t\t\t\t\t\t\t<p><strong>Fri tandpleje<\/strong> <br \/>Tandpleje er en naturlig del af vores sundhed. D\u00e5rlig mundsundhed kan f\u00f8re til alvorlige sygdomme, og derfor b\u00f8r vi p\u00e5 sigt arbejde hen imod fri tandpleje for alle. Sundhed skal ikke afh\u00e6nge af pengepung eller postnummer \u2013 god tandsundhed er en del af et velfungerende samfund.<\/p><p><strong> Klima<\/strong><br \/>Den gr\u00f8nne fremtid er vejen frem \u2013 b\u00e5de for klimaet og for erhvervslivet. Den gr\u00f8nne omstilling skal v\u00e6re realistisk og \u00f8konomisk ansvarlig, s\u00e5 vi kan skabe innovation og nye arbejdspladser. Gr\u00f8n energi skal prioriteres, og det skal v\u00e6re attraktivt for b\u00e5de borgere og virksomheder at v\u00e6lge de b\u00e6redygtige l\u00f8sninger. <br \/><br \/>Peter Have <br \/>\u00d8stjylland<\/p>\t\t\t\t\t\t\t\t<\/div>\n\t\t\t\t\t<\/div>\n\t\t\t\t<\/article>\n\t\t<article class=\"elementor-element elementor-element-8daaf29 e-flex e-con-boxed e-con e-parent\" data-id=\"8daaf29\" data-element_type=\"container\" data-e-type=\"container\">\n\t\t\t\t\t<div class=\"e-con-inner\">\n\t\t<section class=\"elementor-element elementor-element-d17aed6 e-con-full e-flex e-con e-child\" data-id=\"d17aed6\" data-element_type=\"container\" data-e-type=\"container\">\n\t\t\t\t<div class=\"elementor-element elementor-element-12e0c16 elementor-widget elementor-widget-video\" data-id=\"12e0c16\" data-element_type=\"widget\" data-e-type=\"widget\" data-settings=\"{&quot;video_type&quot;:&quot;vimeo&quot;}\" data-widget_type=\"video.default\">\n\t\t\t\t\t\t\t<div class=\"elementor-wrapper elementor-open-inline\">\n\t\t\t<iframe class=\"elementor-video-iframe\" allowfullscreen allow=\"clipboard-write\" title=\"vimeo videoafspiller\" src=\"https:\/\/player.vimeo.com\/video\/1171032841?color&amp;autopause=0&amp;loop=0&amp;muted=0&amp;title=1&amp;portrait=1&amp;byline=1#t=\"><\/iframe>\t\t<\/div>\n\t\t\t\t\t\t<\/div>\n\t\t\t\t<div class=\"elementor-element elementor-element-5d18a1c elementor-widget elementor-widget-video\" data-id=\"5d18a1c\" data-element_type=\"widget\" data-e-type=\"widget\" data-settings=\"{&quot;video_type&quot;:&quot;vimeo&quot;}\" data-widget_type=\"video.default\">\n\t\t\t\t\t\t\t<div class=\"elementor-wrapper elementor-open-inline\">\n\t\t\t<iframe class=\"elementor-video-iframe\" allowfullscreen allow=\"clipboard-write\" title=\"vimeo videoafspiller\" src=\"https:\/\/player.vimeo.com\/video\/1171032895?color&amp;autopause=0&amp;loop=0&amp;muted=0&amp;title=1&amp;portrait=1&amp;byline=1#t=\"><\/iframe>\t\t<\/div>\n\t\t\t\t\t\t<\/div>\n\t\t\t\t<div class=\"elementor-element elementor-element-3ea91ca elementor-widget elementor-widget-video\" data-id=\"3ea91ca\" data-element_type=\"widget\" data-e-type=\"widget\" data-settings=\"{&quot;video_type&quot;:&quot;vimeo&quot;}\" data-widget_type=\"video.default\">\n\t\t\t\t\t\t\t<div class=\"elementor-wrapper elementor-open-inline\">\n\t\t\t<iframe class=\"elementor-video-iframe\" allowfullscreen allow=\"clipboard-write\" title=\"vimeo videoafspiller\" src=\"https:\/\/player.vimeo.com\/video\/1171032983?color&amp;autopause=0&amp;loop=0&amp;muted=0&amp;title=1&amp;portrait=1&amp;byline=1#t=\"><\/iframe>\t\t<\/div>\n\t\t\t\t\t\t<\/div>\n\t\t\t\t<div class=\"elementor-element elementor-element-fb12f6d elementor-widget elementor-widget-video\" data-id=\"fb12f6d\" data-element_type=\"widget\" data-e-type=\"widget\" data-settings=\"{&quot;video_type&quot;:&quot;vimeo&quot;}\" data-widget_type=\"video.default\">\n\t\t\t\t\t\t\t<div class=\"elementor-wrapper elementor-open-inline\">\n\t\t\t<iframe class=\"elementor-video-iframe\" allowfullscreen allow=\"clipboard-write\" title=\"vimeo videoafspiller\" src=\"https:\/\/player.vimeo.com\/video\/1171033015?color&amp;autopause=0&amp;loop=0&amp;muted=0&amp;title=1&amp;portrait=1&amp;byline=1#t=\"><\/iframe>\t\t<\/div>\n\t\t\t\t\t\t<\/div>\n\t\t\t\t<\/section>\n\t\t\t\t\t<\/div>\n\t\t\t\t<\/article>\n\t\t<section class=\"elementor-element elementor-element-dd30f8e e-flex e-con-boxed e-con e-parent\" data-id=\"dd30f8e\" data-element_type=\"container\" data-e-type=\"container\" data-settings=\"{&quot;background_background&quot;:&quot;classic&quot;}\">\n\t\t\t\t\t<div class=\"e-con-inner\">\n\t\t\t\t<div class=\"elementor-element elementor-element-468cba0 elementor-widget elementor-widget-heading\" data-id=\"468cba0\" data-element_type=\"widget\" data-e-type=\"widget\" data-widget_type=\"heading.default\">\n\t\t\t\t\t<h2 class=\"elementor-heading-title elementor-size-default\">Mine m\u00e6rkesager<\/h2>\t\t\t\t<\/div>\n\t\t<section class=\"elementor-element elementor-element-3697257 e-con-full e-flex e-con e-child\" data-id=\"3697257\" data-element_type=\"container\" data-e-type=\"container\">\n\t\t<article class=\"elementor-element elementor-element-d9875db e-con-full e-flex e-con e-child\" data-id=\"d9875db\" data-element_type=\"container\" data-e-type=\"container\">\n\t\t\t\t<div class=\"elementor-element elementor-element-6ac46d7 elementor-widget elementor-widget-heading\" data-id=\"6ac46d7\" data-element_type=\"widget\" data-e-type=\"widget\" data-widget_type=\"heading.default\">\n\t\t\t\t\t<h3 class=\"elementor-heading-title elementor-size-default\">Transport<\/h3>\t\t\t\t<\/div>\n\t\t\t\t<div class=\"elementor-element elementor-element-f9fbdbd elementor-widget elementor-widget-text-editor\" data-id=\"f9fbdbd\" data-element_type=\"widget\" data-e-type=\"widget\" data-widget_type=\"text-editor.default\">\n\t\t\t\t\t\t\t\t\t<p>Vi skal sikre lige muligheder for alle borgere \u2013 uanset hvor de bor \u2013 n\u00e5r det g\u00e6lder transport og mobilitet. Det vil ikke alene l\u00f8fte livskvaliteten og styrke den sociale sammenh\u00e6ngskraft, men ogs\u00e5 fremme \u00f8konomisk v\u00e6kst i hele landet. Mobilitet skal v\u00e6re for alle.<\/p>\t\t\t\t\t\t\t\t<\/div>\n\t\t\t\t<\/article>\n\t\t<article class=\"elementor-element elementor-element-30a5a4c e-con-full e-flex e-con e-child\" data-id=\"30a5a4c\" data-element_type=\"container\" data-e-type=\"container\">\n\t\t\t\t<div class=\"elementor-element elementor-element-56d7c0c elementor-widget elementor-widget-heading\" data-id=\"56d7c0c\" data-element_type=\"widget\" data-e-type=\"widget\" data-widget_type=\"heading.default\">\n\t\t\t\t\t<h3 class=\"elementor-heading-title elementor-size-default\">Forsvar<\/h3>\t\t\t\t<\/div>\n\t\t\t\t<div class=\"elementor-element elementor-element-8dbd7dd elementor-widget elementor-widget-text-editor\" data-id=\"8dbd7dd\" data-element_type=\"widget\" data-e-type=\"widget\" data-widget_type=\"text-editor.default\">\n\t\t\t\t\t\t\t\t\t<p>Vi skal skabe de bedste rammer for at fastholde og motivere vores dygtige folk i forsvaret. Ved at give soldaterne mulighed for at udvikle sig b\u00e5de inden for og uden for uniformen, kan vi forme en attraktiv og fremtidssikret arbejdsplads. Investeringer i materiel er intet v\u00e6rd uden et st\u00e6rkt og dedikeret mandskab.<\/p>\t\t\t\t\t\t\t\t<\/div>\n\t\t\t\t<\/article>\n\t\t<article class=\"elementor-element elementor-element-df3fb07 e-con-full e-flex e-con e-child\" data-id=\"df3fb07\" data-element_type=\"container\" data-e-type=\"container\">\n\t\t\t\t<div class=\"elementor-element elementor-element-9c406e6 elementor-widget elementor-widget-heading\" data-id=\"9c406e6\" data-element_type=\"widget\" data-e-type=\"widget\" data-widget_type=\"heading.default\">\n\t\t\t\t\t<h3 class=\"elementor-heading-title elementor-size-default\">\u00d8stjylland<\/h3>\t\t\t\t<\/div>\n\t\t\t\t<div class=\"elementor-element elementor-element-9e3938b elementor-widget elementor-widget-text-editor\" data-id=\"9e3938b\" data-element_type=\"widget\" data-e-type=\"widget\" data-widget_type=\"text-editor.default\">\n\t\t\t\t\t\t\t\t\t<p>Jeg bor og arbejder i \u00d8stjylland og kender hverdagen \u2013 b\u00e5de som erhvervsdrivende og som privatperson. Jeg ved, hvor afg\u00f8rende det er, at infrastrukturen fungerer, at virksomhederne har stabile rammevilk\u00e5r, og at der skabes lokale arbejdspladser.<\/p>\t\t\t\t\t\t\t\t<\/div>\n\t\t\t\t<\/article>\n\t\t\t\t<\/section>\n\t\t\t\t\t<\/div>\n\t\t\t\t<\/section>\n\t\t<section class=\"elementor-element elementor-element-bb3eb35 e-con-full e-flex e-con e-parent\" data-id=\"bb3eb35\" data-element_type=\"container\" data-e-type=\"container\">\n\t\t<div class=\"elementor-element elementor-element-7b1eb4c e-con-full e-flex e-con e-child\" data-id=\"7b1eb4c\" data-element_type=\"container\" data-e-type=\"container\" data-settings=\"{&quot;background_background&quot;:&quot;classic&quot;}\">\n\t\t\t\t<\/div>\n\t\t<article class=\"elementor-element elementor-element-401258f e-con-full e-flex e-con e-child\" data-id=\"401258f\" data-element_type=\"container\" data-e-type=\"container\" data-settings=\"{&quot;background_background&quot;:&quot;classic&quot;}\">\n\t\t\t\t<div class=\"elementor-element elementor-element-3b1ee31 elementor-widget elementor-widget-heading\" data-id=\"3b1ee31\" data-element_type=\"widget\" data-e-type=\"widget\" data-widget_type=\"heading.default\">\n\t\t\t\t\t<h2 class=\"elementor-heading-title elementor-size-default\">Et \u00d8stjylland i balance<\/h2>\t\t\t\t<\/div>\n\t\t\t\t<div class=\"elementor-element elementor-element-7b9f270 elementor-widget elementor-widget-text-editor\" data-id=\"7b9f270\" data-element_type=\"widget\" data-e-type=\"widget\" data-widget_type=\"text-editor.default\">\n\t\t\t\t\t\t\t\t\t<p>Jeg bor og arbejder i \u00d8stjylland, og kender hverdagen her &#8211; ikke fra papirer, men fra virkeligheden. B\u00e5de som erhvervsdrivende og som helt almindelig borger. Jeg ved, hvad det betyder, n\u00e5r infrastrukturen halter, n\u00e5r reglerne fylder for meget, eller n\u00e5r det bliver un\u00f8digt besv\u00e6rligt at skabe og fastholde arbejdspladser lokalt.<\/p><p>For mig handler politik om sund fornuft. Det skal v\u00e6re til at drive og udvikle virksomhed i \u00d8stjylland. Rammevilk\u00e5rene skal v\u00e6re stabile, og bureaukratiet m\u00e5 ikke st\u00e5 i vejen for dem, der tager ansvar.<\/p>\t\t\t\t\t\t\t\t<\/div>\n\t\t\t\t<\/article>\n\t\t\t\t<\/section>\n\t\t\t\t<\/div>\n\t\t","protected":false},"excerpt":{"rendered":"<p>Sikkerhed i hverdagen&#8230; Fra kollektiv trafik og klima, til fri tandpleje Jeg bor og arbejder i \u00d8stjylland og kender hverdagen \u2013 b\u00e5de som erhvervsdrivende og som privatperson. Jeg ved, hvor vigtigt det er, at infrastrukturen fungerer, at virksomhederne har stabile rammevilk\u00e5r, og at der skabes lokale arbejdspladser. N\u00e5r det er nemt at drive og udvikle [&hellip;]<\/p>\n","protected":false},"author":1,"featured_media":0,"parent":0,"menu_order":0,"comment_status":"closed","ping_status":"closed","template":"","meta":{"footnotes":""},"class_list":["post-144","page","type-page","status-publish","hentry"],"_links":{"self":[{"href":"https:\/\/priceless-kirch.89-188-72-178.plesk.page\/index.php\/wp-json\/wp\/v2\/pages\/144","targetHints":{"allow":["GET"]}}],"collection":[{"href":"https:\/\/priceless-kirch.89-188-72-178.plesk.page\/index.php\/wp-json\/wp\/v2\/pages"}],"about":[{"href":"https:\/\/priceless-kirch.89-188-72-178.plesk.page\/index.php\/wp-json\/wp\/v2\/types\/page"}],"author":[{"embeddable":true,"href":"https:\/\/priceless-kirch.89-188-72-178.plesk.page\/index.php\/wp-json\/wp\/v2\/users\/1"}],"replies":[{"embeddable":true,"href":"https:\/\/priceless-kirch.89-188-72-178.plesk.page\/index.php\/wp-json\/wp\/v2\/comments?post=144"}],"version-history":[{"count":22,"href":"https:\/\/priceless-kirch.89-188-72-178.plesk.page\/index.php\/wp-json\/wp\/v2\/pages\/144\/revisions"}],"predecessor-version":[{"id":229,"href":"https:\/\/priceless-kirch.89-188-72-178.plesk.page\/index.php\/wp-json\/wp\/v2\/pages\/144\/revisions\/229"}],"wp:attachment":[{"href":"https:\/\/priceless-kirch.89-188-72-178.plesk.page\/index.php\/wp-json\/wp\/v2\/media?parent=144"}],"curies":[{"name":"wp","href":"https:\/\/api.w.org\/{rel}","templated":true}]}}